{"id":10386,"date":"2026-03-26T13:23:47","date_gmt":"2026-03-26T12:23:47","guid":{"rendered":"https:\/\/www.bergasports.com\/product\/cervelo-aspero-5-ltd-edition-zwart-actueel-58cm\/"},"modified":"2026-04-30T09:49:02","modified_gmt":"2026-04-30T07:49:02","slug":"cervelo-aspero-5-ltd-edition-zwart-actueel-58cm","status":"publish","type":"product","link":"https:\/\/www.bergasports.com\/nl\/product\/cervelo-aspero-5-ltd-edition-zwart-actueel-58cm\/","title":{"rendered":"Cervelo Aspero 5 - LTD Edition - Balck Current - 58cm"},"content":{"rendered":"<div class=\"sc-t43bw1-3 gNRaxe\">\n<h1>Sneller dan de rest<\/h1>\n<\/div>\n<div class=\"sc-t43bw1-5 kTtwEP\">De gloednieuwe Cerv\u00e9lo \u00c1spero-5 is gebouwd voor de kop van de koers en is de meest aerodynamische gravelbike ooit gemaakt. Cerv\u00e9lo staat al lang synoniem voor aerodynamische prestaties, en we hebben die 30 jaar expertise naar het gravelracen gebracht. De nieuwe fiets is maar liefst 37 watt sneller dan het vorige model en 34 watt sneller dan zijn naaste concurrent. Met ruimte voor 45 mm-banden, opbergruimte in de onderbuis en een bottom bracket met schroefdraad, is de \u00c1spero-5 klaar om te racen zodra hij de winkel verlaat. Hij maakte zijn debuut in de regenboogtrui (en won!) onder UCI Gravel-wereldkampioene Marianne Vos, en zal worden gebruikt door enkele van de beste wielrenners ter wereld.    <\/div>\n","protected":false},"excerpt":{"rendered":"<h4>Cervelo Aspero 5<\/h4>\n<ul>\n<li>LTD Edition<\/li>\n<li>Maat: 58cm<\/li>\n<li>Kleur: Black Currant<\/li>\n<li>45 mm max. bandbreedte<\/li>\n<\/ul>\n","protected":false},"featured_media":10387,"comment_status":"closed","ping_status":"closed","template":"","meta":[],"product_brand":[],"product_cat":[17],"product_tag":[],"class_list":{"0":"post-10386","1":"product","2":"type-product","3":"status-publish","4":"has-post-thumbnail","6":"product_cat-racefietsen","8":"first","9":"instock","10":"taxable","11":"shipping-taxable","12":"purchasable","13":"product-type-simple"},"yoast_head":"<!-- This site is optimized with the Yoast SEO Premium plugin v27.4 (Yoast SEO v27.4) - https:\/\/yoast.com\/product\/yoast-seo-premium-wordpress\/ -->\n<title>Cervelo Aspero 5 - LTD Edition - Balck Current - 58cm - BERGASPORTS<\/title>\n<meta name=\"description\" content=\"Ontdek de exclusieve Cervelo Aspero 5 ltd in 58cm zwart! Met een maximale bandbreedte van 45mm is deze fiets perfect voor elk rit. Bestel nu!\" \/>\n<meta name=\"robots\" content=\"index, follow, max-snippet:-1, max-image-preview:large, max-video-preview:-1\" \/>\n<link rel=\"canonical\" href=\"https:\/\/www.bergasports.com\/nl\/product\/cervelo-aspero-5-ltd-edition-zwart-actueel-58cm\/\" \/>\n<meta property=\"og:locale\" content=\"nl_NL\" \/>\n<meta property=\"og:type\" content=\"article\" \/>\n<meta property=\"og:title\" content=\"Cervelo Aspero 5 - LTD Edition - Balck Current - 58cm\" \/>\n<meta property=\"og:description\" content=\"Ontdek de exclusieve Cervelo Aspero 5 ltd in 58cm zwart! Met een maximale bandbreedte van 45mm is deze fiets perfect voor elk rit. Bestel nu!\" \/>\n<meta property=\"og:url\" content=\"https:\/\/www.bergasports.com\/nl\/product\/cervelo-aspero-5-ltd-edition-zwart-actueel-58cm\/\" \/>\n<meta property=\"og:site_name\" content=\"BERGASPORTS\" \/>\n<meta property=\"article:publisher\" content=\"https:\/\/www.facebook.com\/bergasports\" \/>\n<meta property=\"article:modified_time\" content=\"2026-04-30T07:49:02+00:00\" \/>\n<meta property=\"og:image\" content=\"https:\/\/www.bergasports.com\/wp-content\/uploads\/2026\/03\/abGGFFxvIZEnjk7x_0L0ALBFS4X-PROFILE-Web.webp\" \/>\n\t<meta property=\"og:image:width\" content=\"1920\" \/>\n\t<meta property=\"og:image:height\" content=\"1042\" \/>\n\t<meta property=\"og:image:type\" content=\"image\/webp\" \/>\n<meta name=\"twitter:card\" content=\"summary_large_image\" \/>\n<meta name=\"twitter:label1\" content=\"Prijs\" \/>\n\t<meta name=\"twitter:data1\" content=\"&euro;5.599,00\" \/>\n\t<meta name=\"twitter:label2\" content=\"Beschikbaarheid\" \/>\n\t<meta name=\"twitter:data2\" content=\"Op voorraad\" \/>\n<script type=\"application\/ld+json\" class=\"yoast-schema-graph\">{\"@context\":\"https:\\\/\\\/schema.org\",\"@graph\":[{\"@type\":\"WebPage\",\"@id\":\"https:\\\/\\\/www.bergasports.com\\\/nl\\\/product\\\/cervelo-aspero-5-ltd-edition-zwart-actueel-58cm\\\/\",\"url\":\"https:\\\/\\\/www.bergasports.com\\\/nl\\\/product\\\/cervelo-aspero-5-ltd-edition-zwart-actueel-58cm\\\/\",\"name\":\"Cervelo Aspero 5 - LTD Edition - Balck Current - 58cm - BERGASPORTS\",\"isPartOf\":{\"@id\":\"https:\\\/\\\/www.bergasports.com\\\/nl\\\/#website\"},\"primaryImageOfPage\":{\"@id\":\"https:\\\/\\\/www.bergasports.com\\\/nl\\\/product\\\/cervelo-aspero-5-ltd-edition-zwart-actueel-58cm\\\/#primaryimage\"},\"image\":{\"@id\":\"https:\\\/\\\/www.bergasports.com\\\/nl\\\/product\\\/cervelo-aspero-5-ltd-edition-zwart-actueel-58cm\\\/#primaryimage\"},\"thumbnailUrl\":\"https:\\\/\\\/www.bergasports.com\\\/wp-content\\\/uploads\\\/2026\\\/03\\\/abGGFFxvIZEnjk7x_0L0ALBFS4X-PROFILE-Web.webp\",\"datePublished\":\"2026-03-26T12:23:47+00:00\",\"dateModified\":\"2026-04-30T07:49:02+00:00\",\"description\":\"Ontdek de exclusieve Cervelo Aspero 5 ltd in 58cm zwart! Met een maximale bandbreedte van 45mm is deze fiets perfect voor elk rit. Bestel nu!\",\"breadcrumb\":{\"@id\":\"https:\\\/\\\/www.bergasports.com\\\/nl\\\/product\\\/cervelo-aspero-5-ltd-edition-zwart-actueel-58cm\\\/#breadcrumb\"},\"inLanguage\":\"nl-NL\",\"potentialAction\":[{\"@type\":\"ReadAction\",\"target\":[\"https:\\\/\\\/www.bergasports.com\\\/nl\\\/product\\\/cervelo-aspero-5-ltd-edition-zwart-actueel-58cm\\\/\"]}]},{\"@type\":\"ImageObject\",\"inLanguage\":\"nl-NL\",\"@id\":\"https:\\\/\\\/www.bergasports.com\\\/nl\\\/product\\\/cervelo-aspero-5-ltd-edition-zwart-actueel-58cm\\\/#primaryimage\",\"url\":\"https:\\\/\\\/www.bergasports.com\\\/wp-content\\\/uploads\\\/2026\\\/03\\\/abGGFFxvIZEnjk7x_0L0ALBFS4X-PROFILE-Web.webp\",\"contentUrl\":\"https:\\\/\\\/www.bergasports.com\\\/wp-content\\\/uploads\\\/2026\\\/03\\\/abGGFFxvIZEnjk7x_0L0ALBFS4X-PROFILE-Web.webp\",\"width\":1920,\"height\":1042,\"caption\":\"cervelo aspero 5 ltd edition black current bergasports dedemsvaart gravelfiets\"},{\"@type\":\"BreadcrumbList\",\"@id\":\"https:\\\/\\\/www.bergasports.com\\\/nl\\\/product\\\/cervelo-aspero-5-ltd-edition-zwart-actueel-58cm\\\/#breadcrumb\",\"itemListElement\":[{\"@type\":\"ListItem\",\"position\":1,\"name\":\"Home\",\"item\":\"https:\\\/\\\/www.bergasports.com\\\/nl\\\/\"},{\"@type\":\"ListItem\",\"position\":2,\"name\":\"Webshop\",\"item\":\"https:\\\/\\\/www.bergasports.com\\\/nl\\\/shop\\\/\"},{\"@type\":\"ListItem\",\"position\":3,\"name\":\"Cervelo Aspero 5 &#8211; LTD Edition &#8211; Balck Current &#8211; 58cm\"}]},{\"@type\":\"WebSite\",\"@id\":\"https:\\\/\\\/www.bergasports.com\\\/nl\\\/#website\",\"url\":\"https:\\\/\\\/www.bergasports.com\\\/nl\\\/\",\"name\":\"BERGASPORTS\",\"description\":\"Ride with style\",\"publisher\":{\"@id\":\"https:\\\/\\\/www.bergasports.com\\\/nl\\\/#organization\"},\"potentialAction\":[{\"@type\":\"SearchAction\",\"target\":{\"@type\":\"EntryPoint\",\"urlTemplate\":\"https:\\\/\\\/www.bergasports.com\\\/nl\\\/?s={search_term_string}\"},\"query-input\":{\"@type\":\"PropertyValueSpecification\",\"valueRequired\":true,\"valueName\":\"search_term_string\"}}],\"inLanguage\":\"nl-NL\"},{\"@type\":\"Organization\",\"@id\":\"https:\\\/\\\/www.bergasports.com\\\/nl\\\/#organization\",\"name\":\"BERGASPORTS\",\"url\":\"https:\\\/\\\/www.bergasports.com\\\/nl\\\/\",\"logo\":{\"@type\":\"ImageObject\",\"inLanguage\":\"nl-NL\",\"@id\":\"https:\\\/\\\/www.bergasports.com\\\/nl\\\/#\\\/schema\\\/logo\\\/image\\\/\",\"url\":\"https:\\\/\\\/www.bergasports.com\\\/wp-content\\\/uploads\\\/2022\\\/03\\\/BERGASPORTS_.png\",\"contentUrl\":\"https:\\\/\\\/www.bergasports.com\\\/wp-content\\\/uploads\\\/2022\\\/03\\\/BERGASPORTS_.png\",\"width\":410,\"height\":40,\"caption\":\"BERGASPORTS\"},\"image\":{\"@id\":\"https:\\\/\\\/www.bergasports.com\\\/nl\\\/#\\\/schema\\\/logo\\\/image\\\/\"},\"sameAs\":[\"https:\\\/\\\/www.facebook.com\\\/bergasports\",\"https:\\\/\\\/www.instgram.com\\\/bergasportsnl\"],\"description\":\"At Bergasports everything revolves around performance, quality and personal service. We offer an exclusive selection of top brands such as Colnago, Cipollini, Polygon, Titici and Orbea, combined with high-quality accessories and expert advice. Whether you are looking for the perfect racing bike, premium bicycle parts or tailor-made professional advice, you have come to the right place. Discover what makes us unique and experience the difference!\",\"email\":\"info@bergasports.com\",\"telephone\":\"06 \u2013 8316 2631\",\"legalName\":\"Bergasports\"}]}<\/script>\n<meta property=\"product:price:amount\" content=\"5599.00\" \/>\n<meta property=\"product:price:currency\" content=\"EUR\" \/>\n<meta property=\"og:availability\" content=\"instock\" \/>\n<meta property=\"product:availability\" content=\"instock\" \/>\n<meta property=\"product:condition\" content=\"new\" \/>\n<!-- \/ Yoast SEO Premium plugin. -->","yoast_head_json":{"title":"Cervelo Aspero 5 - LTD Edition - Balck Current - 58cm - BERGASPORTS","description":"Ontdek de exclusieve Cervelo Aspero 5 ltd in 58cm zwart! Met een maximale bandbreedte van 45mm is deze fiets perfect voor elk rit. Bestel nu!","robots":{"index":"index","follow":"follow","max-snippet":"max-snippet:-1","max-image-preview":"max-image-preview:large","max-video-preview":"max-video-preview:-1"},"canonical":"https:\/\/www.bergasports.com\/nl\/product\/cervelo-aspero-5-ltd-edition-zwart-actueel-58cm\/","og_locale":"nl_NL","og_type":"article","og_title":"Cervelo Aspero 5 - LTD Edition - Balck Current - 58cm","og_description":"Ontdek de exclusieve Cervelo Aspero 5 ltd in 58cm zwart! Met een maximale bandbreedte van 45mm is deze fiets perfect voor elk rit. Bestel nu!","og_url":"https:\/\/www.bergasports.com\/nl\/product\/cervelo-aspero-5-ltd-edition-zwart-actueel-58cm\/","og_site_name":"BERGASPORTS","article_publisher":"https:\/\/www.facebook.com\/bergasports","article_modified_time":"2026-04-30T07:49:02+00:00","og_image":[{"width":1920,"height":1042,"url":"https:\/\/www.bergasports.com\/wp-content\/uploads\/2026\/03\/abGGFFxvIZEnjk7x_0L0ALBFS4X-PROFILE-Web.webp","type":"image\/webp"}],"twitter_card":"summary_large_image","twitter_misc":{"Prijs":"&euro;5.599,00","Beschikbaarheid":"Op voorraad"},"schema":{"@context":"https:\/\/schema.org","@graph":[{"@type":"WebPage","@id":"https:\/\/www.bergasports.com\/nl\/product\/cervelo-aspero-5-ltd-edition-zwart-actueel-58cm\/","url":"https:\/\/www.bergasports.com\/nl\/product\/cervelo-aspero-5-ltd-edition-zwart-actueel-58cm\/","name":"Cervelo Aspero 5 - LTD Edition - Balck Current - 58cm - BERGASPORTS","isPartOf":{"@id":"https:\/\/www.bergasports.com\/nl\/#website"},"primaryImageOfPage":{"@id":"https:\/\/www.bergasports.com\/nl\/product\/cervelo-aspero-5-ltd-edition-zwart-actueel-58cm\/#primaryimage"},"image":{"@id":"https:\/\/www.bergasports.com\/nl\/product\/cervelo-aspero-5-ltd-edition-zwart-actueel-58cm\/#primaryimage"},"thumbnailUrl":"https:\/\/www.bergasports.com\/wp-content\/uploads\/2026\/03\/abGGFFxvIZEnjk7x_0L0ALBFS4X-PROFILE-Web.webp","datePublished":"2026-03-26T12:23:47+00:00","dateModified":"2026-04-30T07:49:02+00:00","description":"Ontdek de exclusieve Cervelo Aspero 5 ltd in 58cm zwart! Met een maximale bandbreedte van 45mm is deze fiets perfect voor elk rit. Bestel nu!","breadcrumb":{"@id":"https:\/\/www.bergasports.com\/nl\/product\/cervelo-aspero-5-ltd-edition-zwart-actueel-58cm\/#breadcrumb"},"inLanguage":"nl-NL","potentialAction":[{"@type":"ReadAction","target":["https:\/\/www.bergasports.com\/nl\/product\/cervelo-aspero-5-ltd-edition-zwart-actueel-58cm\/"]}]},{"@type":"ImageObject","inLanguage":"nl-NL","@id":"https:\/\/www.bergasports.com\/nl\/product\/cervelo-aspero-5-ltd-edition-zwart-actueel-58cm\/#primaryimage","url":"https:\/\/www.bergasports.com\/wp-content\/uploads\/2026\/03\/abGGFFxvIZEnjk7x_0L0ALBFS4X-PROFILE-Web.webp","contentUrl":"https:\/\/www.bergasports.com\/wp-content\/uploads\/2026\/03\/abGGFFxvIZEnjk7x_0L0ALBFS4X-PROFILE-Web.webp","width":1920,"height":1042,"caption":"cervelo aspero 5 ltd edition black current bergasports dedemsvaart gravelfiets"},{"@type":"BreadcrumbList","@id":"https:\/\/www.bergasports.com\/nl\/product\/cervelo-aspero-5-ltd-edition-zwart-actueel-58cm\/#breadcrumb","itemListElement":[{"@type":"ListItem","position":1,"name":"Home","item":"https:\/\/www.bergasports.com\/nl\/"},{"@type":"ListItem","position":2,"name":"Webshop","item":"https:\/\/www.bergasports.com\/nl\/shop\/"},{"@type":"ListItem","position":3,"name":"Cervelo Aspero 5 &#8211; LTD Edition &#8211; Balck Current &#8211; 58cm"}]},{"@type":"WebSite","@id":"https:\/\/www.bergasports.com\/nl\/#website","url":"https:\/\/www.bergasports.com\/nl\/","name":"BERGASPORTS","description":"Ride with style","publisher":{"@id":"https:\/\/www.bergasports.com\/nl\/#organization"},"potentialAction":[{"@type":"SearchAction","target":{"@type":"EntryPoint","urlTemplate":"https:\/\/www.bergasports.com\/nl\/?s={search_term_string}"},"query-input":{"@type":"PropertyValueSpecification","valueRequired":true,"valueName":"search_term_string"}}],"inLanguage":"nl-NL"},{"@type":"Organization","@id":"https:\/\/www.bergasports.com\/nl\/#organization","name":"BERGASPORTS","url":"https:\/\/www.bergasports.com\/nl\/","logo":{"@type":"ImageObject","inLanguage":"nl-NL","@id":"https:\/\/www.bergasports.com\/nl\/#\/schema\/logo\/image\/","url":"https:\/\/www.bergasports.com\/wp-content\/uploads\/2022\/03\/BERGASPORTS_.png","contentUrl":"https:\/\/www.bergasports.com\/wp-content\/uploads\/2022\/03\/BERGASPORTS_.png","width":410,"height":40,"caption":"BERGASPORTS"},"image":{"@id":"https:\/\/www.bergasports.com\/nl\/#\/schema\/logo\/image\/"},"sameAs":["https:\/\/www.facebook.com\/bergasports","https:\/\/www.instgram.com\/bergasportsnl"],"description":"At Bergasports everything revolves around performance, quality and personal service. We offer an exclusive selection of top brands such as Colnago, Cipollini, Polygon, Titici and Orbea, combined with high-quality accessories and expert advice. Whether you are looking for the perfect racing bike, premium bicycle parts or tailor-made professional advice, you have come to the right place. Discover what makes us unique and experience the difference!","email":"info@bergasports.com","telephone":"06 \u2013 8316 2631","legalName":"Bergasports"}]},"product_price_amount":"5599.00","product_price_currency":"EUR","og_availability":"instock","product_availability":"instock","product_condition":"new"},"_links":{"self":[{"href":"https:\/\/www.bergasports.com\/nl\/wp-json\/wp\/v2\/product\/10386","targetHints":{"allow":["GET"]}}],"collection":[{"href":"https:\/\/www.bergasports.com\/nl\/wp-json\/wp\/v2\/product"}],"about":[{"href":"https:\/\/www.bergasports.com\/nl\/wp-json\/wp\/v2\/types\/product"}],"replies":[{"embeddable":true,"href":"https:\/\/www.bergasports.com\/nl\/wp-json\/wp\/v2\/comments?post=10386"}],"wp:featuredmedia":[{"embeddable":true,"href":"https:\/\/www.bergasports.com\/nl\/wp-json\/wp\/v2\/media\/10387"}],"wp:attachment":[{"href":"https:\/\/www.bergasports.com\/nl\/wp-json\/wp\/v2\/media?parent=10386"}],"wp:term":[{"taxonomy":"product_brand","embeddable":true,"href":"https:\/\/www.bergasports.com\/nl\/wp-json\/wp\/v2\/product_brand?post=10386"},{"taxonomy":"product_cat","embeddable":true,"href":"https:\/\/www.bergasports.com\/nl\/wp-json\/wp\/v2\/product_cat?post=10386"},{"taxonomy":"product_tag","embeddable":true,"href":"https:\/\/www.bergasports.com\/nl\/wp-json\/wp\/v2\/product_tag?post=10386"}],"curies":[{"name":"wp","href":"https:\/\/api.w.org\/{rel}","templated":true}]}}